{"id":52,"date":"2011-07-13T16:53:57","date_gmt":"2011-07-13T19:53:57","guid":{"rendered":"https:\/\/blogbringit.com.br\/?page_id=52"},"modified":"2023-08-25T13:50:39","modified_gmt":"2023-08-25T16:50:39","slug":"sobre-a-bringit","status":"publish","type":"page","link":"https:\/\/www.bringit.com.br\/blog\/sobre-a-bringit\/","title":{"rendered":"Quem somos"},"content":{"rendered":"<p><a href=\"https:\/\/blogbringit.com.br\/wp-content\/uploads\/2016\/09\/bringit.jpg\"><img fetchpriority=\"high\" decoding=\"async\" class=\"aligncenter wp-image-13527 \" src=\"https:\/\/blogbringit.com.br\/wp-content\/uploads\/2019\/07\/logo-menor.jpg\" alt=\"\" width=\"424\" height=\"144\" \/><\/a><\/p>\n<p>Fundada em 2009, a <a href=\"https:\/\/loja.bringit.com.br\/\" target=\"_blank\" rel=\"noopener noreferrer\">bringIT Com\u00e9rcio Eletr\u00f4nic<\/a>o \u00e9 uma empresa que vai muito al\u00e9m da venda de pe\u00e7as e acess\u00f3rios para notebooks. N\u00f3s acreditamos que a tecnologia pode nos aproximar e por isso oferecemos <strong>solu\u00e7\u00f5es personalizadas<\/strong> para os problemas de nossos clientes.<\/p>\n<p>A bringIT \u00e9 especializada na venda e distribui\u00e7\u00e3o de baterias, fontes (carregadores), telas, teclados, coolers, mem\u00f3rias RAM e acess\u00f3rios para notebooks.\u00a0Com\u00a0uma equipe especializada e inovadora, com <strong>excel\u00eancia no atendimento<\/strong> e foco na resolu\u00e7\u00e3o das d\u00favidas dos clientes, n\u00f3s contamos com\u00a0os <strong>melhores produtos para seu notebook<\/strong> do mercado.<\/p>\n<p>Ao longo dos <strong>10 anos de exist\u00eancia<\/strong>,\u00a0perseguimos um incessante aprimoramento em v\u00e1rios aspectos da empresa:<\/p>\n<p><strong>&#8211; Variedade de produtos<\/strong><\/p>\n<p><strong>&#8211; Qualidade dos produtos<\/strong><\/p>\n<p><strong>&#8211; Qualidade de atendimento<\/strong><\/p>\n<p><strong>&#8211; Seguran\u00e7a e efici\u00eancia na compra<\/strong><\/p>\n<p><strong>&#8211; Desenvolvimento interno da empresa<\/strong><\/p>\n<p><strong>&#8211; Fortalecimento da marca<\/strong><\/p>\n<p>Atualmente, a bringIT possui produtos para cerca de 100 mil modelos de notebooks em comercializa\u00e7\u00e3o no site (<a href=\"https:\/\/www.bringit.com.br\">www.bringit.com.br<\/a>) e em diversos marketplaces como Mercado Live, Grupo B2W (Americanas, Submarino, Shoptime), Zoom e Amazon. A empresa j\u00e1 atendeu mais de 90 mil clientes em todo o Brasil e, apresenta uma qualificada equipe de mais de 50 colaboradores internos.<\/p>\n<p>Com esse crescimento constante, a bringIT mostra que possui um comprometimento s\u00f3lido com todos os servi\u00e7os prestados e com os clientes: finais ou revendedores. As revendas contam ainda com atendimento diferenciado e condi\u00e7\u00f5es de compra especiais ao efetuarem seu cadastro!<\/p>\n<p><strong>Seriedade,\u00a0compet\u00eancia e respeito \u00e0s pessoas\u00a0s\u00e3o as palavras-chave que regem as rela\u00e7\u00f5es da empresa.<\/strong><\/p>\n","protected":false},"excerpt":{"rendered":"<p>Fundada em 2009, a bringIT Com\u00e9rcio Eletr\u00f4nico \u00e9 uma empresa que vai muito al\u00e9m da venda de pe\u00e7as e acess\u00f3rios para notebooks. N\u00f3s acreditamos que a tecnologia pode nos aproximar e por isso oferecemos solu\u00e7\u00f5es personalizadas para os problemas de nossos clientes. A bringIT \u00e9 especializada na venda e distribui\u00e7\u00e3o de baterias, fontes (carregadores), telas, [&hellip;]<\/p>\n","protected":false},"author":53,"featured_media":0,"parent":0,"menu_order":0,"comment_status":"closed","ping_status":"closed","template":"","meta":{"footnotes":""},"class_list":["post-52","page","type-page","status-publish","hentry"],"yoast_head":"<!-- This site is optimized with the Yoast SEO plugin v27.4 - https:\/\/yoast.com\/product\/yoast-seo-wordpress\/ -->\n<title>Quem somos - Blog bringIT<\/title>\n<meta name=\"robots\" content=\"index, follow, max-snippet:-1, max-image-preview:large, max-video-preview:-1\" \/>\n<link rel=\"canonical\" href=\"https:\/\/www.bringit.com.br\/blog\/sobre-a-bringit\/\" \/>\n<meta property=\"og:locale\" content=\"pt_BR\" \/>\n<meta property=\"og:type\" content=\"article\" \/>\n<meta property=\"og:title\" content=\"Quem somos - Blog bringIT\" \/>\n<meta property=\"og:description\" content=\"Fundada em 2009, a bringIT Com\u00e9rcio Eletr\u00f4nico \u00e9 uma empresa que vai muito al\u00e9m da venda de pe\u00e7as e acess\u00f3rios para notebooks. N\u00f3s acreditamos que a tecnologia pode nos aproximar e por isso oferecemos solu\u00e7\u00f5es personalizadas para os problemas de nossos clientes. A bringIT \u00e9 especializada na venda e distribui\u00e7\u00e3o de baterias, fontes (carregadores), telas, [&hellip;]\" \/>\n<meta property=\"og:url\" content=\"https:\/\/www.bringit.com.br\/blog\/sobre-a-bringit\/\" \/>\n<meta property=\"og:site_name\" content=\"Blog bringIT\" \/>\n<meta property=\"article:publisher\" content=\"https:\/\/www.facebook.com\/bringit.br\/\" \/>\n<meta property=\"article:modified_time\" content=\"2023-08-25T16:50:39+00:00\" \/>\n<meta property=\"og:image\" content=\"https:\/\/blogbringit.com.br\/wp-content\/uploads\/2019\/07\/logo-menor.jpg\" \/>\n<meta name=\"twitter:label1\" content=\"Est. tempo de leitura\" \/>\n\t<meta name=\"twitter:data1\" content=\"1 minuto\" \/>\n<script type=\"application\/ld+json\" class=\"yoast-schema-graph\">{\"@context\":\"https:\\\/\\\/schema.org\",\"@graph\":[{\"@type\":\"WebPage\",\"@id\":\"https:\\\/\\\/www.bringit.com.br\\\/blog\\\/sobre-a-bringit\\\/\",\"url\":\"https:\\\/\\\/www.bringit.com.br\\\/blog\\\/sobre-a-bringit\\\/\",\"name\":\"Quem somos - Blog bringIT\",\"isPartOf\":{\"@id\":\"https:\\\/\\\/www.bringit.com.br\\\/blog\\\/#website\"},\"primaryImageOfPage\":{\"@id\":\"https:\\\/\\\/www.bringit.com.br\\\/blog\\\/sobre-a-bringit\\\/#primaryimage\"},\"image\":{\"@id\":\"https:\\\/\\\/www.bringit.com.br\\\/blog\\\/sobre-a-bringit\\\/#primaryimage\"},\"thumbnailUrl\":\"https:\\\/\\\/blogbringit.com.br\\\/wp-content\\\/uploads\\\/2019\\\/07\\\/logo-menor.jpg\",\"datePublished\":\"2011-07-13T19:53:57+00:00\",\"dateModified\":\"2023-08-25T16:50:39+00:00\",\"breadcrumb\":{\"@id\":\"https:\\\/\\\/www.bringit.com.br\\\/blog\\\/sobre-a-bringit\\\/#breadcrumb\"},\"inLanguage\":\"pt-BR\",\"potentialAction\":[{\"@type\":\"ReadAction\",\"target\":[\"https:\\\/\\\/www.bringit.com.br\\\/blog\\\/sobre-a-bringit\\\/\"]}]},{\"@type\":\"ImageObject\",\"inLanguage\":\"pt-BR\",\"@id\":\"https:\\\/\\\/www.bringit.com.br\\\/blog\\\/sobre-a-bringit\\\/#primaryimage\",\"url\":\"https:\\\/\\\/blogbringit.com.br\\\/wp-content\\\/uploads\\\/2019\\\/07\\\/logo-menor.jpg\",\"contentUrl\":\"https:\\\/\\\/blogbringit.com.br\\\/wp-content\\\/uploads\\\/2019\\\/07\\\/logo-menor.jpg\"},{\"@type\":\"BreadcrumbList\",\"@id\":\"https:\\\/\\\/www.bringit.com.br\\\/blog\\\/sobre-a-bringit\\\/#breadcrumb\",\"itemListElement\":[{\"@type\":\"ListItem\",\"position\":1,\"name\":\"In\u00edcio\",\"item\":\"https:\\\/\\\/www.bringit.com.br\\\/blog\\\/\"},{\"@type\":\"ListItem\",\"position\":2,\"name\":\"Quem somos\"}]},{\"@type\":\"WebSite\",\"@id\":\"https:\\\/\\\/www.bringit.com.br\\\/blog\\\/#website\",\"url\":\"https:\\\/\\\/www.bringit.com.br\\\/blog\\\/\",\"name\":\"Blog bringIT\",\"description\":\"Novidades em notebooks e tecnologia\",\"publisher\":{\"@id\":\"https:\\\/\\\/www.bringit.com.br\\\/blog\\\/#organization\"},\"potentialAction\":[{\"@type\":\"SearchAction\",\"target\":{\"@type\":\"EntryPoint\",\"urlTemplate\":\"https:\\\/\\\/www.bringit.com.br\\\/blog\\\/?s={search_term_string}\"},\"query-input\":{\"@type\":\"PropertyValueSpecification\",\"valueRequired\":true,\"valueName\":\"search_term_string\"}}],\"inLanguage\":\"pt-BR\"},{\"@type\":\"Organization\",\"@id\":\"https:\\\/\\\/www.bringit.com.br\\\/blog\\\/#organization\",\"name\":\"Blog bringIT\",\"url\":\"https:\\\/\\\/www.bringit.com.br\\\/blog\\\/\",\"logo\":{\"@type\":\"ImageObject\",\"inLanguage\":\"pt-BR\",\"@id\":\"https:\\\/\\\/www.bringit.com.br\\\/blog\\\/#\\\/schema\\\/logo\\\/image\\\/\",\"url\":\"https:\\\/\\\/www.bringit.com.br\\\/blog\\\/wp-content\\\/uploads\\\/2023\\\/08\\\/01.png\",\"contentUrl\":\"https:\\\/\\\/www.bringit.com.br\\\/blog\\\/wp-content\\\/uploads\\\/2023\\\/08\\\/01.png\",\"width\":878,\"height\":138,\"caption\":\"Blog bringIT\"},\"image\":{\"@id\":\"https:\\\/\\\/www.bringit.com.br\\\/blog\\\/#\\\/schema\\\/logo\\\/image\\\/\"},\"sameAs\":[\"https:\\\/\\\/www.facebook.com\\\/bringit.br\\\/\",\"https:\\\/\\\/www.instagram.com\\\/bringit.br\\\/\",\"https:\\\/\\\/br.linkedin.com\\\/company\\\/bringit-br\",\"https:\\\/\\\/www.youtube.com\\\/user\\\/bringitce\"]}]}<\/script>\n<!-- \/ Yoast SEO plugin. -->","yoast_head_json":{"title":"Quem somos - Blog bringIT","robots":{"index":"index","follow":"follow","max-snippet":"max-snippet:-1","max-image-preview":"max-image-preview:large","max-video-preview":"max-video-preview:-1"},"canonical":"https:\/\/www.bringit.com.br\/blog\/sobre-a-bringit\/","og_locale":"pt_BR","og_type":"article","og_title":"Quem somos - Blog bringIT","og_description":"Fundada em 2009, a bringIT Com\u00e9rcio Eletr\u00f4nico \u00e9 uma empresa que vai muito al\u00e9m da venda de pe\u00e7as e acess\u00f3rios para notebooks. N\u00f3s acreditamos que a tecnologia pode nos aproximar e por isso oferecemos solu\u00e7\u00f5es personalizadas para os problemas de nossos clientes. A bringIT \u00e9 especializada na venda e distribui\u00e7\u00e3o de baterias, fontes (carregadores), telas, [&hellip;]","og_url":"https:\/\/www.bringit.com.br\/blog\/sobre-a-bringit\/","og_site_name":"Blog bringIT","article_publisher":"https:\/\/www.facebook.com\/bringit.br\/","article_modified_time":"2023-08-25T16:50:39+00:00","og_image":[{"url":"https:\/\/blogbringit.com.br\/wp-content\/uploads\/2019\/07\/logo-menor.jpg","type":"","width":"","height":""}],"twitter_misc":{"Est. tempo de leitura":"1 minuto"},"schema":{"@context":"https:\/\/schema.org","@graph":[{"@type":"WebPage","@id":"https:\/\/www.bringit.com.br\/blog\/sobre-a-bringit\/","url":"https:\/\/www.bringit.com.br\/blog\/sobre-a-bringit\/","name":"Quem somos - Blog bringIT","isPartOf":{"@id":"https:\/\/www.bringit.com.br\/blog\/#website"},"primaryImageOfPage":{"@id":"https:\/\/www.bringit.com.br\/blog\/sobre-a-bringit\/#primaryimage"},"image":{"@id":"https:\/\/www.bringit.com.br\/blog\/sobre-a-bringit\/#primaryimage"},"thumbnailUrl":"https:\/\/blogbringit.com.br\/wp-content\/uploads\/2019\/07\/logo-menor.jpg","datePublished":"2011-07-13T19:53:57+00:00","dateModified":"2023-08-25T16:50:39+00:00","breadcrumb":{"@id":"https:\/\/www.bringit.com.br\/blog\/sobre-a-bringit\/#breadcrumb"},"inLanguage":"pt-BR","potentialAction":[{"@type":"ReadAction","target":["https:\/\/www.bringit.com.br\/blog\/sobre-a-bringit\/"]}]},{"@type":"ImageObject","inLanguage":"pt-BR","@id":"https:\/\/www.bringit.com.br\/blog\/sobre-a-bringit\/#primaryimage","url":"https:\/\/blogbringit.com.br\/wp-content\/uploads\/2019\/07\/logo-menor.jpg","contentUrl":"https:\/\/blogbringit.com.br\/wp-content\/uploads\/2019\/07\/logo-menor.jpg"},{"@type":"BreadcrumbList","@id":"https:\/\/www.bringit.com.br\/blog\/sobre-a-bringit\/#breadcrumb","itemListElement":[{"@type":"ListItem","position":1,"name":"In\u00edcio","item":"https:\/\/www.bringit.com.br\/blog\/"},{"@type":"ListItem","position":2,"name":"Quem somos"}]},{"@type":"WebSite","@id":"https:\/\/www.bringit.com.br\/blog\/#website","url":"https:\/\/www.bringit.com.br\/blog\/","name":"Blog bringIT","description":"Novidades em notebooks e tecnologia","publisher":{"@id":"https:\/\/www.bringit.com.br\/blog\/#organization"},"potentialAction":[{"@type":"SearchAction","target":{"@type":"EntryPoint","urlTemplate":"https:\/\/www.bringit.com.br\/blog\/?s={search_term_string}"},"query-input":{"@type":"PropertyValueSpecification","valueRequired":true,"valueName":"search_term_string"}}],"inLanguage":"pt-BR"},{"@type":"Organization","@id":"https:\/\/www.bringit.com.br\/blog\/#organization","name":"Blog bringIT","url":"https:\/\/www.bringit.com.br\/blog\/","logo":{"@type":"ImageObject","inLanguage":"pt-BR","@id":"https:\/\/www.bringit.com.br\/blog\/#\/schema\/logo\/image\/","url":"https:\/\/www.bringit.com.br\/blog\/wp-content\/uploads\/2023\/08\/01.png","contentUrl":"https:\/\/www.bringit.com.br\/blog\/wp-content\/uploads\/2023\/08\/01.png","width":878,"height":138,"caption":"Blog bringIT"},"image":{"@id":"https:\/\/www.bringit.com.br\/blog\/#\/schema\/logo\/image\/"},"sameAs":["https:\/\/www.facebook.com\/bringit.br\/","https:\/\/www.instagram.com\/bringit.br\/","https:\/\/br.linkedin.com\/company\/bringit-br","https:\/\/www.youtube.com\/user\/bringitce"]}]}},"_links":{"self":[{"href":"https:\/\/www.bringit.com.br\/blog\/wp-json\/wp\/v2\/pages\/52","targetHints":{"allow":["GET"]}}],"collection":[{"href":"https:\/\/www.bringit.com.br\/blog\/wp-json\/wp\/v2\/pages"}],"about":[{"href":"https:\/\/www.bringit.com.br\/blog\/wp-json\/wp\/v2\/types\/page"}],"author":[{"embeddable":true,"href":"https:\/\/www.bringit.com.br\/blog\/wp-json\/wp\/v2\/users\/53"}],"replies":[{"embeddable":true,"href":"https:\/\/www.bringit.com.br\/blog\/wp-json\/wp\/v2\/comments?post=52"}],"version-history":[{"count":14,"href":"https:\/\/www.bringit.com.br\/blog\/wp-json\/wp\/v2\/pages\/52\/revisions"}],"predecessor-version":[{"id":21783,"href":"https:\/\/www.bringit.com.br\/blog\/wp-json\/wp\/v2\/pages\/52\/revisions\/21783"}],"wp:attachment":[{"href":"https:\/\/www.bringit.com.br\/blog\/wp-json\/wp\/v2\/media?parent=52"}],"curies":[{"name":"wp","href":"https:\/\/api.w.org\/{rel}","templated":true}]}}